{"id":567,"date":"2020-08-24T15:09:57","date_gmt":"2020-08-24T12:09:57","guid":{"rendered":"http:\/\/94.237.113.185\/~totemtea\/?page_id=567"},"modified":"2020-08-24T15:09:57","modified_gmt":"2020-08-24T12:09:57","slug":"tietosuojaseloste","status":"publish","type":"page","link":"http:\/\/www.totemteatteri.com\/sv\/tietosuojaseloste\/","title":{"rendered":"Tietosuojaseloste"},"content":{"rendered":"<h2 class=\"wp-block-heading\"><span class=\"has-inline-color has-theme-color-one-color\">\u00a0<strong>Rekisteri- ja tietosuojaseloste, asiakasrekisteri\u00a0<\/strong><\/span><\/h2>\n\n\n\n<p><strong>T\u00e4m\u00e4 on TOTEM-teatterin Kannatusyhdistys ry:n henkil\u00f6tietolain (10 ja 24 \u00a7) ja EU:n yleisen tietosuoja-asetuksen (GDPR) mukainen rekisteri- ja tietosuojaseloste. Laadittu 15.5.2018. P\u00e4ivitetty 7.8.2020.&nbsp;<\/strong><\/p>\n\n\n\n<p><strong>1 Rekisterinpit\u00e4j\u00e4&nbsp;<\/strong><\/p>\n\n\n\n<p>TOTEM-teatterin Kannatusyhdistys ry, Nuijalantie 9 02630 Espoo, y-tunnus 0831198-9&nbsp;<\/p>\n\n\n\n<p><strong>2 Rekisterist\u00e4 vastaava yhteyshenkil\u00f6&nbsp;<\/strong><\/p>\n\n\n\n<p>tuottaja(at)totemteatteri.com puh. 050 547 0047&nbsp;<\/p>\n\n\n\n<p><strong>3 Rekisterin nimi&nbsp;<\/strong><\/p>\n\n\n\n<p>TOTEM-teatterin asiakasrekisteri&nbsp;<\/p>\n\n\n\n<p><strong>4 Rekisteritietojen k\u00e4sittelyn tarkoitus&nbsp;<\/strong><\/p>\n\n\n\n<p>Tietojen k\u00e4sittelyn ensisijaisena perusteena on teatterin ja teatterin asiakkaan v\u00e4linen asiakassuhde. Tietoja k\u00e4ytet\u00e4\u00e4n asiakassuhdeviestinn\u00e4n ja markkinoinnin toteuttamiseen sek\u00e4 kontaktihistorian hallintaan. Tietoja ei k\u00e4ytet\u00e4 automatisoituun p\u00e4\u00e4t\u00f6ksentekoon tai profilointiin.&nbsp;<\/p>\n\n\n\n<p><strong>5 Rekisterin tietosis\u00e4lt\u00f6&nbsp;<\/strong><\/p>\n\n\n\n<p>Rekisteriin tallennettavat tiedot ovat peruskoulun nimi, yhteyshenkil\u00f6n nimi, puhelinnumero, s\u00e4hk\u00f6postiosoite ja koulun osoite. Lis\u00e4ksi kuntien kulttuuritoimien yhteyshenkil\u00f6n nimi, puhelinnumero ja osoite. Tietojen s\u00e4ilytt\u00e4misen kestoa ei ole m\u00e4\u00e4ritelty erikseen.&nbsp;<\/p>\n\n\n\n<p><strong>6 S\u00e4\u00e4nn\u00f6nmukaiset tietol\u00e4hteet&nbsp;<\/strong><\/p>\n\n\n\n<p>Rekisteriin tallennettavat tiedot saadaan asiakkaan www-sivuilta, asiakkaan tehdess\u00e4 esitystilausta ja asiakastapahtumista, joissa asiakas luovuttaa tietonsa.&nbsp;<\/p>\n\n\n\n<p><strong>7 Tietojen s\u00e4\u00e4nn\u00f6nmukaiset luovutukset ja tietojen siirto EU:n ja ETA:n ulkopuolelle&nbsp;<\/strong><\/p>\n\n\n\n<p>Tietoja ei luovuteta muille tahoille. Tietoja ei my\u00f6sk\u00e4\u00e4n julkaista.&nbsp;<\/p>\n\n\n\n<p><strong>8 Rekisterin suojauksen periaatteet&nbsp;<\/strong><\/p>\n\n\n\n<p>Rekisterin k\u00e4sittelyss\u00e4 noudatetaan huolellisuutta ja tietoj\u00e4rjestelmien avulla k\u00e4sitelt\u00e4v\u00e4t tiedot suojataan asianmukaisesti. Laitteiston fyysinen ja digitaalinen tietoturvasuojaus on asiaankuuluva ja ajantasainen. Rekisteriin tallennettuja tietoja k\u00e4sitell\u00e4\u00e4n luottamuksellisesti ja vain niiden ty\u00f6ntekij\u00f6iden toimesta, joiden ty\u00f6nkuvaan teht\u00e4v\u00e4 kuuluu.&nbsp;<\/p>\n\n\n\n<p><strong>9 Tarkastusoikeus ja oikeus vaatia tiedon korjaamista&nbsp;<\/strong><\/p>\n\n\n\n<p>Jokaisella rekisteriss\u00e4 olevalla on oikeus tarkista rekisteriin tallennetut tiedonsa, vaatia mahdollisen virheen korjaamista, puutteellisen tiedon t\u00e4ydent\u00e4mist\u00e4 tai tietonsa poistamista rekisterist\u00e4. Vapaamuotoiset tarkistuspyynn\u00f6t osoitetaan s\u00e4hk\u00f6postitse rekisterin yll\u00e4pit\u00e4jille tuottaja(at)totemteatteri.com&nbsp;<\/p>\n\n\n\n<p>Rekisterinpit\u00e4j\u00e4 voi tarvittaessa pyyt\u00e4\u00e4 pyynn\u00f6n esitt\u00e4j\u00e4\u00e4 todistamaan henkil\u00f6llisyytens\u00e4. Rekisterinpit\u00e4j\u00e4 vastaa asiakkaalle EU:n tietosuoja-asetuksessa s\u00e4\u00e4detyss\u00e4 ajassa (kuukauden kuluessa).&nbsp;<\/p>","protected":false},"excerpt":{"rendered":"<p>\u00a0Rekisteri- ja tietosuojaseloste, asiakasrekisteri\u00a0 T\u00e4m\u00e4 on TOTEM-teatterin Kannatusyhdistys ry:n henkil\u00f6tietolain (10 ja 24 \u00a7) ja EU:n yleisen tietosuoja-asetuksen (GDPR) mukainen rekisteri- ja tietosuojaseloste. Laadittu 15.5.2018. P\u00e4ivitetty 7.8.2020.&nbsp; 1 Rekisterinpit\u00e4j\u00e4&nbsp; TOTEM-teatterin&#8230;<\/p>","protected":false},"author":2,"featured_media":0,"parent":0,"menu_order":0,"comment_status":"closed","ping_status":"closed","template":"","meta":{"footnotes":""},"class_list":["post-567","page","type-page","status-publish","hentry"],"yoast_head":"<!-- This site is optimized with the Yoast SEO plugin v26.8 - https:\/\/yoast.com\/product\/yoast-seo-wordpress\/ -->\n<title>Tietosuojaseloste - TOTEM-teatteri<\/title>\n<meta name=\"description\" content=\"TOTEM-teatterin Kannatusyhdistys ry:n henkil\u00f6tietolain (10 ja 24 \u00a7) ja EU:n yleisen tietosuoja-asetuksen (GDPR) mukainen rekisteri- ja tietosuojaseloste. Laadittu 15.5.2018. P\u00e4ivitetty 7.8.2020.\" \/>\n<meta name=\"robots\" content=\"index, follow, max-snippet:-1, max-image-preview:large, max-video-preview:-1\" \/>\n<link rel=\"canonical\" href=\"http:\/\/www.totemteatteri.com\/sv\/tietosuojaseloste\/\" \/>\n<meta property=\"og:locale\" content=\"sv_SE\" \/>\n<meta property=\"og:type\" content=\"article\" \/>\n<meta property=\"og:title\" content=\"Tietosuojaseloste - TOTEM-teatteri\" \/>\n<meta property=\"og:description\" content=\"TOTEM-teatterin Kannatusyhdistys ry:n henkil\u00f6tietolain (10 ja 24 \u00a7) ja EU:n yleisen tietosuoja-asetuksen (GDPR) mukainen rekisteri- ja tietosuojaseloste. Laadittu 15.5.2018. P\u00e4ivitetty 7.8.2020.\" \/>\n<meta property=\"og:url\" content=\"http:\/\/www.totemteatteri.com\/sv\/tietosuojaseloste\/\" \/>\n<meta property=\"og:site_name\" content=\"TOTEM-teatteri\" \/>\n<meta name=\"twitter:card\" content=\"summary_large_image\" \/>\n<meta name=\"twitter:label1\" content=\"Ber\u00e4knad l\u00e4stid\" \/>\n\t<meta name=\"twitter:data1\" content=\"2 minuter\" \/>\n<script type=\"application\/ld+json\" class=\"yoast-schema-graph\">{\"@context\":\"https:\/\/schema.org\",\"@graph\":[{\"@type\":\"WebPage\",\"@id\":\"http:\/\/www.totemteatteri.com\/sv\/tietosuojaseloste\/\",\"url\":\"http:\/\/www.totemteatteri.com\/sv\/tietosuojaseloste\/\",\"name\":\"Tietosuojaseloste - TOTEM-teatteri\",\"isPartOf\":{\"@id\":\"http:\/\/www.totemteatteri.com\/sv\/#website\"},\"datePublished\":\"2020-08-24T12:09:57+00:00\",\"description\":\"TOTEM-teatterin Kannatusyhdistys ry:n henkil\u00f6tietolain (10 ja 24 \u00a7) ja EU:n yleisen tietosuoja-asetuksen (GDPR) mukainen rekisteri- ja tietosuojaseloste. Laadittu 15.5.2018. P\u00e4ivitetty 7.8.2020.\",\"inLanguage\":\"sv-SE\",\"potentialAction\":[{\"@type\":\"ReadAction\",\"target\":[\"http:\/\/www.totemteatteri.com\/sv\/tietosuojaseloste\/\"]}]},{\"@type\":\"WebSite\",\"@id\":\"http:\/\/www.totemteatteri.com\/sv\/#website\",\"url\":\"http:\/\/www.totemteatteri.com\/sv\/\",\"name\":\"TOTEM-teatteri\",\"description\":\"TOTEM-teatterin kotisivut\",\"publisher\":{\"@id\":\"http:\/\/www.totemteatteri.com\/sv\/#organization\"},\"potentialAction\":[{\"@type\":\"SearchAction\",\"target\":{\"@type\":\"EntryPoint\",\"urlTemplate\":\"http:\/\/www.totemteatteri.com\/sv\/?s={search_term_string}\"},\"query-input\":{\"@type\":\"PropertyValueSpecification\",\"valueRequired\":true,\"valueName\":\"search_term_string\"}}],\"inLanguage\":\"sv-SE\"},{\"@type\":\"Organization\",\"@id\":\"http:\/\/www.totemteatteri.com\/sv\/#organization\",\"name\":\"TOTEM-teatteri\",\"url\":\"http:\/\/www.totemteatteri.com\/sv\/\",\"logo\":{\"@type\":\"ImageObject\",\"inLanguage\":\"sv-SE\",\"@id\":\"http:\/\/www.totemteatteri.com\/sv\/#\/schema\/logo\/image\/\",\"url\":\"http:\/\/www.totemteatteri.com\/wp-content\/uploads\/2023\/03\/logo-vaaka-sini-1100x200-1.jpg\",\"contentUrl\":\"http:\/\/www.totemteatteri.com\/wp-content\/uploads\/2023\/03\/logo-vaaka-sini-1100x200-1.jpg\",\"width\":1100,\"height\":200,\"caption\":\"TOTEM-teatteri\"},\"image\":{\"@id\":\"http:\/\/www.totemteatteri.com\/sv\/#\/schema\/logo\/image\/\"}}]}<\/script>\n<!-- \/ Yoast SEO plugin. -->","yoast_head_json":{"title":"Tietosuojaseloste - TOTEM-teatteri","description":"TOTEM-teatterin Kannatusyhdistys ry:n henkil\u00f6tietolain (10 ja 24 \u00a7) ja EU:n yleisen tietosuoja-asetuksen (GDPR) mukainen rekisteri- ja tietosuojaseloste. Laadittu 15.5.2018. P\u00e4ivitetty 7.8.2020.","robots":{"index":"index","follow":"follow","max-snippet":"max-snippet:-1","max-image-preview":"max-image-preview:large","max-video-preview":"max-video-preview:-1"},"canonical":"http:\/\/www.totemteatteri.com\/sv\/tietosuojaseloste\/","og_locale":"sv_SE","og_type":"article","og_title":"Tietosuojaseloste - TOTEM-teatteri","og_description":"TOTEM-teatterin Kannatusyhdistys ry:n henkil\u00f6tietolain (10 ja 24 \u00a7) ja EU:n yleisen tietosuoja-asetuksen (GDPR) mukainen rekisteri- ja tietosuojaseloste. Laadittu 15.5.2018. P\u00e4ivitetty 7.8.2020.","og_url":"http:\/\/www.totemteatteri.com\/sv\/tietosuojaseloste\/","og_site_name":"TOTEM-teatteri","twitter_card":"summary_large_image","twitter_misc":{"Ber\u00e4knad l\u00e4stid":"2 minuter"},"schema":{"@context":"https:\/\/schema.org","@graph":[{"@type":"WebPage","@id":"http:\/\/www.totemteatteri.com\/sv\/tietosuojaseloste\/","url":"http:\/\/www.totemteatteri.com\/sv\/tietosuojaseloste\/","name":"Tietosuojaseloste - TOTEM-teatteri","isPartOf":{"@id":"http:\/\/www.totemteatteri.com\/sv\/#website"},"datePublished":"2020-08-24T12:09:57+00:00","description":"TOTEM-teatterin Kannatusyhdistys ry:n henkil\u00f6tietolain (10 ja 24 \u00a7) ja EU:n yleisen tietosuoja-asetuksen (GDPR) mukainen rekisteri- ja tietosuojaseloste. Laadittu 15.5.2018. P\u00e4ivitetty 7.8.2020.","inLanguage":"sv-SE","potentialAction":[{"@type":"ReadAction","target":["http:\/\/www.totemteatteri.com\/sv\/tietosuojaseloste\/"]}]},{"@type":"WebSite","@id":"http:\/\/www.totemteatteri.com\/sv\/#website","url":"http:\/\/www.totemteatteri.com\/sv\/","name":"TOTEM-teatern","description":"TOTEM-teatterin kotisivut","publisher":{"@id":"http:\/\/www.totemteatteri.com\/sv\/#organization"},"potentialAction":[{"@type":"SearchAction","target":{"@type":"EntryPoint","urlTemplate":"http:\/\/www.totemteatteri.com\/sv\/?s={search_term_string}"},"query-input":{"@type":"PropertyValueSpecification","valueRequired":true,"valueName":"search_term_string"}}],"inLanguage":"sv-SE"},{"@type":"Organization","@id":"http:\/\/www.totemteatteri.com\/sv\/#organization","name":"TOTEM-teatern","url":"http:\/\/www.totemteatteri.com\/sv\/","logo":{"@type":"ImageObject","inLanguage":"sv-SE","@id":"http:\/\/www.totemteatteri.com\/sv\/#\/schema\/logo\/image\/","url":"http:\/\/www.totemteatteri.com\/wp-content\/uploads\/2023\/03\/logo-vaaka-sini-1100x200-1.jpg","contentUrl":"http:\/\/www.totemteatteri.com\/wp-content\/uploads\/2023\/03\/logo-vaaka-sini-1100x200-1.jpg","width":1100,"height":200,"caption":"TOTEM-teatteri"},"image":{"@id":"http:\/\/www.totemteatteri.com\/sv\/#\/schema\/logo\/image\/"}}]}},"_links":{"self":[{"href":"http:\/\/www.totemteatteri.com\/sv\/wp-json\/wp\/v2\/pages\/567","targetHints":{"allow":["GET"]}}],"collection":[{"href":"http:\/\/www.totemteatteri.com\/sv\/wp-json\/wp\/v2\/pages"}],"about":[{"href":"http:\/\/www.totemteatteri.com\/sv\/wp-json\/wp\/v2\/types\/page"}],"author":[{"embeddable":true,"href":"http:\/\/www.totemteatteri.com\/sv\/wp-json\/wp\/v2\/users\/2"}],"replies":[{"embeddable":true,"href":"http:\/\/www.totemteatteri.com\/sv\/wp-json\/wp\/v2\/comments?post=567"}],"version-history":[{"count":1,"href":"http:\/\/www.totemteatteri.com\/sv\/wp-json\/wp\/v2\/pages\/567\/revisions"}],"predecessor-version":[{"id":568,"href":"http:\/\/www.totemteatteri.com\/sv\/wp-json\/wp\/v2\/pages\/567\/revisions\/568"}],"wp:attachment":[{"href":"http:\/\/www.totemteatteri.com\/sv\/wp-json\/wp\/v2\/media?parent=567"}],"curies":[{"name":"wp","href":"https:\/\/api.w.org\/{rel}","templated":true}]}}