{"id":562,"date":"2020-08-24T15:04:14","date_gmt":"2020-08-24T12:04:14","guid":{"rendered":"http:\/\/94.237.113.185\/~totemtea\/?page_id=562"},"modified":"2021-03-02T17:37:40","modified_gmt":"2021-03-02T15:37:40","slug":"saavutettavuusseloste","status":"publish","type":"page","link":"http:\/\/www.totemteatteri.com\/sv\/saavutettavuusseloste\/","title":{"rendered":"Saavutettavuusseloste"},"content":{"rendered":"<p>Detta tillg\u00e4nglighetsutl\u00e5tande g\u00e4ller webbplatsen www.totemteatteri.com Webbplatsen omfattas av lagen om tillhandah\u00e5llande av digitala tj\u00e4nster och dess krav p\u00e5 att offentliga webbplatser m\u00e5ste vara tillg\u00e4ngliga.&nbsp;<\/p>\n\n\n\n<p>Webbplatsen www.totemteatteri.com publicerades 1.9.2020. Detta tillg\u00e4nglighetsutl\u00e5tande publicerades 1.9.2020 p\u00e5 finska och 23.3.2021 p\u00e5 svenska. TOTEM-teatern har tillsammans med sin webbleverant\u00f6r granskat hur tillg\u00e4nglig webbplatsen \u00e4r.<\/p>\n\n\n\n<p>Webbplatsen uppfyller till st\u00f6rsta del tillg\u00e4nglighetskraven. Bilagor (pdf, doc, mpeg\u2026), som publicerats innan 23.9.2018, omfattas inte av lagstiftningens krav. Webbplatsen inneh\u00e5ller inga s\u00e5dana bilagor. Vi utbildar v\u00e5r personal i att producera inneh\u00e5ll, som uppfyller tillg\u00e4nglighetskraven och f\u00f6ljer upp webbplatsens tillg\u00e4nglighet kontinuerligt.&nbsp;<\/p>\n\n\n\n<p><strong>Kontakt:<\/strong><\/p>\n\n\n\n<p>Kontakta oss om du vill uppm\u00e4rksamma oss om brister i tillg\u00e4ngligheten p\u00e5 v\u00e5r webbplats. Vi lovar att svara dig inom 14 dagar.<\/p>\n\n\n\n<p>Du kan beg\u00e4ra att f\u00e5 inneh\u00e5ll som inte uppfyller tillg\u00e4nglighetskraven i en s\u00e5dan tillg\u00e4nglig form som passar dig. Beg\u00e4ran m\u00e5ste vara rimlig.<\/p>\n\n\n\n<p><span class=\"has-inline-color has-theme-color-one-color\">E-post: tuottaja(at)totemteatteri.com<\/span><\/p>\n\n\n\n<p><strong>Tillsynsmyndigheten<\/strong><\/p>\n\n\n\n<p>Jos huomaat sivustollamme saavutettavuusongelmia, anna ensin palautetta meille. Jos et ole tyytyv\u00e4inen saamaasi vastaukseen, voit tehd\u00e4 selvityspyynn\u00f6n Etel\u00e4-Suomen aluehallintovirastoon. Etel\u00e4-Suomen aluehallintovirasto valvoo saavutettavuusvaatimusten noudattamista Suomessa.&nbsp;<\/p>\n\n\n\n<p><strong>Etel\u00e4-Suomen aluehallintoviraston yhteystiedot:<\/strong><\/p>\n\n\n\n<p>e-post: kirjaamo.etela(at)avi.fi&nbsp; <br>tel: 0295 016000<\/p>\n\n\n\n<p>Om du inte \u00e4r n\u00f6jd med det svar du har f\u00e5tt eller inte f\u00e5r n\u00e5got svar alls inom tv\u00e5 veckor kan du l\u00e4mna in en anm\u00e4lan om bristande tillg\u00e4nglighet till Regionf\u00f6rvaltningsverket i S\u00f6dra Finland. P\u00e5 regionf\u00f6rvaltningsverkets webbplats finns det beskrivet hur du kan l\u00e4mna in en anm\u00e4lan och hur \u00e4rendet behandlas: https:\/\/www.tillganglighetskrav.fi\/dina-rattigheter\/&nbsp;<\/p>\n\n\n\n<p><strong>Tillsynsmyndighetens kontaktuppgifter:<\/strong><\/p>\n\n\n\n<p>Regionf\u00f6rvaltningsverket i S\u00f6dra Finland\nEnheten f\u00f6r tillg\u00e4nglighetstillsyn<br><span class=\"has-inline-color has-theme-color-one-color\">www.tillg\u00e4nglighetskrav.fi<br>webbtillganglighet@rfv.fi<br>telefonnummer v\u00e4xeln 0295 016 000<\/span><\/p>\n\n\n\n<p><strong>Dina r\u00e4ttigheter<\/strong><\/p>\n\n\n\n<p><a href=\"https:\/\/www.tillganglighetskrav.fi\/dina-rattigheter\/\">https:\/\/www.tillganglighetskrav.fi\/dina-rattigheter\/<\/a><\/p>","protected":false},"excerpt":{"rendered":"<p>www.totemteatteri.com -sivustoa koskee laki digitaalisten palvelujen tarjoamisesta, jossa edellytet\u00e4\u00e4n, ett\u00e4 julkisten verkkopalvelujen on oltava saavutettavia.&nbsp; www.totemteatteri.com -sivusto on julkaistu xx.xx.2020. T\u00e4m\u00e4 saavutettavuusseloste on julkaistu xx.xx.2020. Sivuston saavutettavuuden on arvioinut TOTEM-teatteri&#8230;<\/p>","protected":false},"author":2,"featured_media":0,"parent":0,"menu_order":0,"comment_status":"closed","ping_status":"closed","template":"","meta":{"footnotes":""},"class_list":["post-562","page","type-page","status-publish","hentry"],"yoast_head":"<!-- This site is optimized with the Yoast SEO plugin v26.8 - https:\/\/yoast.com\/product\/yoast-seo-wordpress\/ -->\n<title>Saavutettavuusseloste - TOTEM-teatteri<\/title>\n<meta name=\"description\" content=\"Jos sivustoltamme l\u00f6ytyy saavutettavuuspuute, ilmoita siit\u00e4 ja teemme parhaamme puutteen korjaamiseksi. Vastaamme palautteeseesi 14 p\u00e4iv\u00e4n sis\u00e4ll\u00e4.\" \/>\n<meta name=\"robots\" content=\"index, follow, max-snippet:-1, max-image-preview:large, max-video-preview:-1\" \/>\n<link rel=\"canonical\" href=\"http:\/\/www.totemteatteri.com\/sv\/saavutettavuusseloste\/\" \/>\n<meta property=\"og:locale\" content=\"sv_SE\" \/>\n<meta property=\"og:type\" content=\"article\" \/>\n<meta property=\"og:title\" content=\"Saavutettavuusseloste - TOTEM-teatteri\" \/>\n<meta property=\"og:description\" content=\"Jos sivustoltamme l\u00f6ytyy saavutettavuuspuute, ilmoita siit\u00e4 ja teemme parhaamme puutteen korjaamiseksi. Vastaamme palautteeseesi 14 p\u00e4iv\u00e4n sis\u00e4ll\u00e4.\" \/>\n<meta property=\"og:url\" content=\"http:\/\/www.totemteatteri.com\/sv\/saavutettavuusseloste\/\" \/>\n<meta property=\"og:site_name\" content=\"TOTEM-teatteri\" \/>\n<meta property=\"article:modified_time\" content=\"2021-03-02T15:37:40+00:00\" \/>\n<meta name=\"twitter:card\" content=\"summary_large_image\" \/>\n<meta name=\"twitter:label1\" content=\"Ber\u00e4knad l\u00e4stid\" \/>\n\t<meta name=\"twitter:data1\" content=\"2 minuter\" \/>\n<script type=\"application\/ld+json\" class=\"yoast-schema-graph\">{\"@context\":\"https:\/\/schema.org\",\"@graph\":[{\"@type\":\"WebPage\",\"@id\":\"http:\/\/www.totemteatteri.com\/sv\/saavutettavuusseloste\/\",\"url\":\"http:\/\/www.totemteatteri.com\/sv\/saavutettavuusseloste\/\",\"name\":\"Saavutettavuusseloste - TOTEM-teatteri\",\"isPartOf\":{\"@id\":\"http:\/\/www.totemteatteri.com\/sv\/#website\"},\"datePublished\":\"2020-08-24T12:04:14+00:00\",\"dateModified\":\"2021-03-02T15:37:40+00:00\",\"description\":\"Jos sivustoltamme l\u00f6ytyy saavutettavuuspuute, ilmoita siit\u00e4 ja teemme parhaamme puutteen korjaamiseksi. Vastaamme palautteeseesi 14 p\u00e4iv\u00e4n sis\u00e4ll\u00e4.\",\"inLanguage\":\"sv-SE\",\"potentialAction\":[{\"@type\":\"ReadAction\",\"target\":[\"http:\/\/www.totemteatteri.com\/sv\/saavutettavuusseloste\/\"]}]},{\"@type\":\"WebSite\",\"@id\":\"http:\/\/www.totemteatteri.com\/sv\/#website\",\"url\":\"http:\/\/www.totemteatteri.com\/sv\/\",\"name\":\"TOTEM-teatteri\",\"description\":\"TOTEM-teatterin kotisivut\",\"publisher\":{\"@id\":\"http:\/\/www.totemteatteri.com\/sv\/#organization\"},\"potentialAction\":[{\"@type\":\"SearchAction\",\"target\":{\"@type\":\"EntryPoint\",\"urlTemplate\":\"http:\/\/www.totemteatteri.com\/sv\/?s={search_term_string}\"},\"query-input\":{\"@type\":\"PropertyValueSpecification\",\"valueRequired\":true,\"valueName\":\"search_term_string\"}}],\"inLanguage\":\"sv-SE\"},{\"@type\":\"Organization\",\"@id\":\"http:\/\/www.totemteatteri.com\/sv\/#organization\",\"name\":\"TOTEM-teatteri\",\"url\":\"http:\/\/www.totemteatteri.com\/sv\/\",\"logo\":{\"@type\":\"ImageObject\",\"inLanguage\":\"sv-SE\",\"@id\":\"http:\/\/www.totemteatteri.com\/sv\/#\/schema\/logo\/image\/\",\"url\":\"http:\/\/www.totemteatteri.com\/wp-content\/uploads\/2023\/03\/logo-vaaka-sini-1100x200-1.jpg\",\"contentUrl\":\"http:\/\/www.totemteatteri.com\/wp-content\/uploads\/2023\/03\/logo-vaaka-sini-1100x200-1.jpg\",\"width\":1100,\"height\":200,\"caption\":\"TOTEM-teatteri\"},\"image\":{\"@id\":\"http:\/\/www.totemteatteri.com\/sv\/#\/schema\/logo\/image\/\"}}]}<\/script>\n<!-- \/ Yoast SEO plugin. -->","yoast_head_json":{"title":"Saavutettavuusseloste - TOTEM-teatteri","description":"Kontakta oss om du vill uppm\u00e4rksamma oss om brister i tillg\u00e4ngligheten p\u00e5 v\u00e5r webbplats. Vi lovar att svara dig inom 14 dagar.","robots":{"index":"index","follow":"follow","max-snippet":"max-snippet:-1","max-image-preview":"max-image-preview:large","max-video-preview":"max-video-preview:-1"},"canonical":"http:\/\/www.totemteatteri.com\/sv\/saavutettavuusseloste\/","og_locale":"sv_SE","og_type":"article","og_title":"Saavutettavuusseloste - TOTEM-teatteri","og_description":"Jos sivustoltamme l\u00f6ytyy saavutettavuuspuute, ilmoita siit\u00e4 ja teemme parhaamme puutteen korjaamiseksi. Vastaamme palautteeseesi 14 p\u00e4iv\u00e4n sis\u00e4ll\u00e4.","og_url":"http:\/\/www.totemteatteri.com\/sv\/saavutettavuusseloste\/","og_site_name":"TOTEM-teatteri","article_modified_time":"2021-03-02T15:37:40+00:00","twitter_card":"summary_large_image","twitter_misc":{"Ber\u00e4knad l\u00e4stid":"2 minuter"},"schema":{"@context":"https:\/\/schema.org","@graph":[{"@type":"WebPage","@id":"http:\/\/www.totemteatteri.com\/sv\/saavutettavuusseloste\/","url":"http:\/\/www.totemteatteri.com\/sv\/saavutettavuusseloste\/","name":"Saavutettavuusseloste - TOTEM-teatteri","isPartOf":{"@id":"http:\/\/www.totemteatteri.com\/sv\/#website"},"datePublished":"2020-08-24T12:04:14+00:00","dateModified":"2021-03-02T15:37:40+00:00","description":"Kontakta oss om du vill uppm\u00e4rksamma oss om brister i tillg\u00e4ngligheten p\u00e5 v\u00e5r webbplats. Vi lovar att svara dig inom 14 dagar.","inLanguage":"sv-SE","potentialAction":[{"@type":"ReadAction","target":["http:\/\/www.totemteatteri.com\/sv\/saavutettavuusseloste\/"]}]},{"@type":"WebSite","@id":"http:\/\/www.totemteatteri.com\/sv\/#website","url":"http:\/\/www.totemteatteri.com\/sv\/","name":"TOTEM-teatern","description":"TOTEM-teatterin kotisivut","publisher":{"@id":"http:\/\/www.totemteatteri.com\/sv\/#organization"},"potentialAction":[{"@type":"SearchAction","target":{"@type":"EntryPoint","urlTemplate":"http:\/\/www.totemteatteri.com\/sv\/?s={search_term_string}"},"query-input":{"@type":"PropertyValueSpecification","valueRequired":true,"valueName":"search_term_string"}}],"inLanguage":"sv-SE"},{"@type":"Organization","@id":"http:\/\/www.totemteatteri.com\/sv\/#organization","name":"TOTEM-teatern","url":"http:\/\/www.totemteatteri.com\/sv\/","logo":{"@type":"ImageObject","inLanguage":"sv-SE","@id":"http:\/\/www.totemteatteri.com\/sv\/#\/schema\/logo\/image\/","url":"http:\/\/www.totemteatteri.com\/wp-content\/uploads\/2023\/03\/logo-vaaka-sini-1100x200-1.jpg","contentUrl":"http:\/\/www.totemteatteri.com\/wp-content\/uploads\/2023\/03\/logo-vaaka-sini-1100x200-1.jpg","width":1100,"height":200,"caption":"TOTEM-teatteri"},"image":{"@id":"http:\/\/www.totemteatteri.com\/sv\/#\/schema\/logo\/image\/"}}]}},"_links":{"self":[{"href":"http:\/\/www.totemteatteri.com\/sv\/wp-json\/wp\/v2\/pages\/562","targetHints":{"allow":["GET"]}}],"collection":[{"href":"http:\/\/www.totemteatteri.com\/sv\/wp-json\/wp\/v2\/pages"}],"about":[{"href":"http:\/\/www.totemteatteri.com\/sv\/wp-json\/wp\/v2\/types\/page"}],"author":[{"embeddable":true,"href":"http:\/\/www.totemteatteri.com\/sv\/wp-json\/wp\/v2\/users\/2"}],"replies":[{"embeddable":true,"href":"http:\/\/www.totemteatteri.com\/sv\/wp-json\/wp\/v2\/comments?post=562"}],"version-history":[{"count":2,"href":"http:\/\/www.totemteatteri.com\/sv\/wp-json\/wp\/v2\/pages\/562\/revisions"}],"predecessor-version":[{"id":920,"href":"http:\/\/www.totemteatteri.com\/sv\/wp-json\/wp\/v2\/pages\/562\/revisions\/920"}],"wp:attachment":[{"href":"http:\/\/www.totemteatteri.com\/sv\/wp-json\/wp\/v2\/media?parent=562"}],"curies":[{"name":"wp","href":"https:\/\/api.w.org\/{rel}","templated":true}]}}