{"id":22,"date":"2020-06-02T14:01:39","date_gmt":"2020-06-02T11:01:39","guid":{"rendered":"http:\/\/www.totemteatteri.com\/~totemtea\/?page_id=22"},"modified":"2023-04-18T12:41:27","modified_gmt":"2023-04-18T09:41:27","slug":"teatterista","status":"publish","type":"page","link":"http:\/\/www.totemteatteri.com\/sv\/teatterista\/","title":{"rendered":"Teatern"},"content":{"rendered":"<p class=\"has-drop-cap\"><strong><span class=\"has-inline-color has-light-green-cyan-color\">T<\/span>OTEM-teatterin keskeisin<\/strong> teht\u00e4v\u00e4 on suomalaisen lastenkulttuurin edist\u00e4minen. T\u00e4t\u00e4 teht\u00e4v\u00e4\u00e4 teatteri toteuttaa tuottamalla 6\u201312-vuotiaille lapsille suunnattuja teatteriesityksi\u00e4 sek\u00e4 j\u00e4rjest\u00e4m\u00e4ll\u00e4 yleis\u00f6ty\u00f6t\u00e4.<\/p>\n\n\n\n<p><strong>TOTEM-teaterns<\/strong> ydinosaaminen on alakouluik\u00e4isille suunnattu nykyteatteri, joka k\u00e4sittelee ajassa olevia ilmi\u00f6it\u00e4 nuoren katsojan n\u00e4k\u00f6kulmasta. Yhteisty\u00f6ss\u00e4 taiteellisten ty\u00f6ryhmiens\u00e4 kanssa TOTEM-teatteri kehitt\u00e4\u00e4 n\u00e4ytt\u00e4m\u00f6kielt\u00e4\u00e4n. Estetiikaltaan ja ohjelmistovalinnaltaan teatteri sijoittuu perinteisen lastenteatterin valtavirran ulkopuolelle keskittyen uutta etsiv\u00e4\u00e4n esitystaiteeseen.<\/p>\n\n\n\n<p><strong>Vuosittainen<\/strong> taiteellinen ty\u00f6ryhm\u00e4 muotoutuu siten, ett\u00e4 TOTEM-teatteri kutsuu vierailevan ohjaajan, joka puolestaan valitsee muun ty\u00f6ryhm\u00e4n. Ohjaajat ovat joko kokeneita tai nuoren polven vastavalmistuneita taiteilijoita, jotka tuovat uutta ja ennakkoluulotonta n\u00e4ytt\u00e4m\u00f6ajattelua TOTEMin lajiin.&nbsp; Ohjaajina, k\u00e4sikirjoittajina ja dramaturgeina ovat olleet mm. Atro Kahiluoto, Anna-Mari Karvonen, Essi R\u00e4is\u00e4nen, Katariina Numminen, Tuomas Laitinen, Juha Hurme, Tuomas Timonen ja Pilvi Porkola.<\/p>\n\n\n\n<p><strong>Teatterin<\/strong> p\u00e4\u00e4asiallinen toimintamuoto on kiertuetoiminta. TOTEM esiintyy siell\u00e4, miss\u00e4 yleis\u00f6 on; kiertuetoiminta suuntautuu kouluihin kotikunnassa Espoossa, p\u00e4\u00e4kaupunki-seudulla ja muualla Suomessa. TOTEMin toiminnan erityisyys ja merkitys on siin\u00e4, ett\u00e4 TOTEM \u201darkip\u00e4iv\u00e4ist\u00e4\u00e4\u201d taiteen kohtaamista viem\u00e4ll\u00e4 teatteria koulujen liikuntasaleihin ja tarjoamalla taidekokemuksen l\u00e4hell\u00e4 koululaisten omaa arkea.<\/p>\n\n\n\n<p><strong>Ohjelmistoon<\/strong> valmistuu vuosittain yksi teos, jota kotimaassa esitet\u00e4\u00e4n suomen- ja ruotsinkieliselle yleis\u00f6lle. Teatteri suuntaa esityskiertueensa kysytt\u00e4ess\u00e4 my\u00f6s ulkomaille ja kansainv\u00e4lisille lastenteatteri-festivaaleille. TOTEMilla on vuosittain katsojia noin 12 000 sek\u00e4 ty\u00f6pajoihin osallistuvia noin 4000.<\/p>\n\n\n\n<p><strong>TOTEM-teaterns<\/strong> toiminnassa kiteytyy saavutettavuus. Kiertuetoiminta palvelee yleis\u00f6\u00e4 valtakunnallisesti yhdenvertaisesti.<\/p>\n\n\n\n<p><strong>TOTEM-teatern<\/strong> f\u00f6rbinder sig till h\u00e5llbar utveckling inom ramen f\u00f6r permakultur, ekologiskt, ekonomiskt, kulturellt och socialt. Vid sidan av en estetisk upplevelse, vill teatern uppriktigt f\u00f6rmedla icke-materiella v\u00e4rden och motverka konsumtion. Vi sorterar, \u00e5teranv\u00e4nder och undviker on\u00f6diga anskaffningar. Cykeln \u00e4r i m\u00e5n av m\u00f6jlighet det naturliga valet som fortskaffningsmedel, utom p\u00e5 turn\u00e9erna, d\u00e5 den hyrda paketbilen g\u00e5r p\u00e5 br\u00e4nsle ur f\u00f6rnybara, inhemska och utsl\u00e4ppssn\u00e5la energik\u00e4llor.<\/p>\n\n\n\n<p class=\"translation-block\">Juridiskt \u00e4r TOTEM-teatern en underst\u00f6dsf\u00f6rening. Styrelseordf\u00f6rande \u00e4r regiss\u00f6r och teaterchef, emerita Maarit Py\u00f6k\u00e4ri.<\/p>","protected":false},"excerpt":{"rendered":"<p>TOTEM-teatterin keskeisin teht\u00e4v\u00e4 on suomalaisen lastenkulttuurin edist\u00e4minen. T\u00e4t\u00e4 teht\u00e4v\u00e4\u00e4 teatteri toteuttaa tuottamalla 6\u201312-vuotiaille lapsille suunnattuja teatteriesityksi\u00e4 sek\u00e4 j\u00e4rjest\u00e4m\u00e4ll\u00e4 yleis\u00f6ty\u00f6t\u00e4. TOTEM-teatterin ydinosaaminen on alakouluik\u00e4isille suunnattu nykyteatteri, joka k\u00e4sittelee ajassa olevia ilmi\u00f6it\u00e4&#8230;<\/p>","protected":false},"author":1,"featured_media":0,"parent":0,"menu_order":0,"comment_status":"closed","ping_status":"closed","template":"","meta":{"footnotes":""},"class_list":["post-22","page","type-page","status-publish","hentry"],"yoast_head":"<!-- This site is optimized with the Yoast SEO plugin v26.8 - https:\/\/yoast.com\/product\/yoast-seo-wordpress\/ -->\n<title>Teatterista - TOTEM-teatteri<\/title>\n<meta name=\"robots\" content=\"index, follow, max-snippet:-1, max-image-preview:large, max-video-preview:-1\" \/>\n<link rel=\"canonical\" href=\"https:\/\/www.totemteatteri.com\/sv\/teatterista\/\" \/>\n<meta property=\"og:locale\" content=\"sv_SE\" \/>\n<meta property=\"og:type\" content=\"article\" \/>\n<meta property=\"og:title\" content=\"Teatterista - TOTEM-teatteri\" \/>\n<meta property=\"og:description\" content=\"TOTEM-teatterin keskeisin teht\u00e4v\u00e4 on suomalaisen lastenkulttuurin edist\u00e4minen. T\u00e4t\u00e4 teht\u00e4v\u00e4\u00e4 teatteri toteuttaa tuottamalla 6\u201312-vuotiaille lapsille suunnattuja teatteriesityksi\u00e4 sek\u00e4 j\u00e4rjest\u00e4m\u00e4ll\u00e4 yleis\u00f6ty\u00f6t\u00e4. TOTEM-teatterin ydinosaaminen on alakouluik\u00e4isille suunnattu nykyteatteri, joka k\u00e4sittelee ajassa olevia ilmi\u00f6it\u00e4...\" \/>\n<meta property=\"og:url\" content=\"https:\/\/www.totemteatteri.com\/sv\/teatterista\/\" \/>\n<meta property=\"og:site_name\" content=\"TOTEM-teatteri\" \/>\n<meta property=\"article:modified_time\" content=\"2023-04-18T09:41:27+00:00\" \/>\n<meta name=\"twitter:card\" content=\"summary_large_image\" \/>\n<meta name=\"twitter:label1\" content=\"Ber\u00e4knad l\u00e4stid\" \/>\n\t<meta name=\"twitter:data1\" content=\"2 minuter\" \/>\n<script type=\"application\/ld+json\" class=\"yoast-schema-graph\">{\"@context\":\"https:\/\/schema.org\",\"@graph\":[{\"@type\":\"WebPage\",\"@id\":\"https:\/\/www.totemteatteri.com\/teatterista\/\",\"url\":\"https:\/\/www.totemteatteri.com\/teatterista\/\",\"name\":\"Teatterista - TOTEM-teatteri\",\"isPartOf\":{\"@id\":\"http:\/\/www.totemteatteri.com\/#website\"},\"datePublished\":\"2020-06-02T11:01:39+00:00\",\"dateModified\":\"2023-04-18T09:41:27+00:00\",\"inLanguage\":\"sv-SE\",\"potentialAction\":[{\"@type\":\"ReadAction\",\"target\":[\"https:\/\/www.totemteatteri.com\/teatterista\/\"]}]},{\"@type\":\"WebSite\",\"@id\":\"http:\/\/www.totemteatteri.com\/#website\",\"url\":\"http:\/\/www.totemteatteri.com\/\",\"name\":\"TOTEM-teatteri\",\"description\":\"TOTEM-teatterin kotisivut\",\"publisher\":{\"@id\":\"http:\/\/www.totemteatteri.com\/#organization\"},\"potentialAction\":[{\"@type\":\"SearchAction\",\"target\":{\"@type\":\"EntryPoint\",\"urlTemplate\":\"http:\/\/www.totemteatteri.com\/?s={search_term_string}\"},\"query-input\":{\"@type\":\"PropertyValueSpecification\",\"valueRequired\":true,\"valueName\":\"search_term_string\"}}],\"inLanguage\":\"sv-SE\"},{\"@type\":\"Organization\",\"@id\":\"http:\/\/www.totemteatteri.com\/#organization\",\"name\":\"TOTEM-teatteri\",\"url\":\"http:\/\/www.totemteatteri.com\/\",\"logo\":{\"@type\":\"ImageObject\",\"inLanguage\":\"sv-SE\",\"@id\":\"http:\/\/www.totemteatteri.com\/#\/schema\/logo\/image\/\",\"url\":\"http:\/\/www.totemteatteri.com\/wp-content\/uploads\/2023\/03\/logo-vaaka-sini-1100x200-1.jpg\",\"contentUrl\":\"http:\/\/www.totemteatteri.com\/wp-content\/uploads\/2023\/03\/logo-vaaka-sini-1100x200-1.jpg\",\"width\":1100,\"height\":200,\"caption\":\"TOTEM-teatteri\"},\"image\":{\"@id\":\"http:\/\/www.totemteatteri.com\/#\/schema\/logo\/image\/\"}}]}<\/script>\n<!-- \/ Yoast SEO plugin. -->","yoast_head_json":{"title":"Teatterista - TOTEM-teatteri","robots":{"index":"index","follow":"follow","max-snippet":"max-snippet:-1","max-image-preview":"max-image-preview:large","max-video-preview":"max-video-preview:-1"},"canonical":"https:\/\/www.totemteatteri.com\/sv\/teatterista\/","og_locale":"sv_SE","og_type":"article","og_title":"Teatterista - TOTEM-teatteri","og_description":"TOTEM-teatterin keskeisin teht\u00e4v\u00e4 on suomalaisen lastenkulttuurin edist\u00e4minen. T\u00e4t\u00e4 teht\u00e4v\u00e4\u00e4 teatteri toteuttaa tuottamalla 6\u201312-vuotiaille lapsille suunnattuja teatteriesityksi\u00e4 sek\u00e4 j\u00e4rjest\u00e4m\u00e4ll\u00e4 yleis\u00f6ty\u00f6t\u00e4. TOTEM-teatterin ydinosaaminen on alakouluik\u00e4isille suunnattu nykyteatteri, joka k\u00e4sittelee ajassa olevia ilmi\u00f6it\u00e4...","og_url":"https:\/\/www.totemteatteri.com\/sv\/teatterista\/","og_site_name":"TOTEM-teatteri","article_modified_time":"2023-04-18T09:41:27+00:00","twitter_card":"summary_large_image","twitter_misc":{"Ber\u00e4knad l\u00e4stid":"2 minuter"},"schema":{"@context":"https:\/\/schema.org","@graph":[{"@type":"WebPage","@id":"https:\/\/www.totemteatteri.com\/teatterista\/","url":"https:\/\/www.totemteatteri.com\/teatterista\/","name":"Teatterista - TOTEM-teatteri","isPartOf":{"@id":"http:\/\/www.totemteatteri.com\/#website"},"datePublished":"2020-06-02T11:01:39+00:00","dateModified":"2023-04-18T09:41:27+00:00","inLanguage":"sv-SE","potentialAction":[{"@type":"ReadAction","target":["https:\/\/www.totemteatteri.com\/teatterista\/"]}]},{"@type":"WebSite","@id":"http:\/\/www.totemteatteri.com\/#website","url":"http:\/\/www.totemteatteri.com\/","name":"TOTEM-teatern","description":"TOTEM-teatterin kotisivut","publisher":{"@id":"http:\/\/www.totemteatteri.com\/#organization"},"potentialAction":[{"@type":"SearchAction","target":{"@type":"EntryPoint","urlTemplate":"http:\/\/www.totemteatteri.com\/?s={search_term_string}"},"query-input":{"@type":"PropertyValueSpecification","valueRequired":true,"valueName":"search_term_string"}}],"inLanguage":"sv-SE"},{"@type":"Organization","@id":"http:\/\/www.totemteatteri.com\/#organization","name":"TOTEM-teatern","url":"http:\/\/www.totemteatteri.com\/","logo":{"@type":"ImageObject","inLanguage":"sv-SE","@id":"http:\/\/www.totemteatteri.com\/#\/schema\/logo\/image\/","url":"http:\/\/www.totemteatteri.com\/wp-content\/uploads\/2023\/03\/logo-vaaka-sini-1100x200-1.jpg","contentUrl":"http:\/\/www.totemteatteri.com\/wp-content\/uploads\/2023\/03\/logo-vaaka-sini-1100x200-1.jpg","width":1100,"height":200,"caption":"TOTEM-teatteri"},"image":{"@id":"http:\/\/www.totemteatteri.com\/#\/schema\/logo\/image\/"}}]}},"_links":{"self":[{"href":"http:\/\/www.totemteatteri.com\/sv\/wp-json\/wp\/v2\/pages\/22","targetHints":{"allow":["GET"]}}],"collection":[{"href":"http:\/\/www.totemteatteri.com\/sv\/wp-json\/wp\/v2\/pages"}],"about":[{"href":"http:\/\/www.totemteatteri.com\/sv\/wp-json\/wp\/v2\/types\/page"}],"author":[{"embeddable":true,"href":"http:\/\/www.totemteatteri.com\/sv\/wp-json\/wp\/v2\/users\/1"}],"replies":[{"embeddable":true,"href":"http:\/\/www.totemteatteri.com\/sv\/wp-json\/wp\/v2\/comments?post=22"}],"version-history":[{"count":10,"href":"http:\/\/www.totemteatteri.com\/sv\/wp-json\/wp\/v2\/pages\/22\/revisions"}],"predecessor-version":[{"id":1515,"href":"http:\/\/www.totemteatteri.com\/sv\/wp-json\/wp\/v2\/pages\/22\/revisions\/1515"}],"wp:attachment":[{"href":"http:\/\/www.totemteatteri.com\/sv\/wp-json\/wp\/v2\/media?parent=22"}],"curies":[{"name":"wp","href":"https:\/\/api.w.org\/{rel}","templated":true}]}}