{"id":144,"date":"2020-06-11T13:12:47","date_gmt":"2020-06-11T10:12:47","guid":{"rendered":"http:\/\/www.totemteatteri.com\/~totemtea\/?page_id=144"},"modified":"2022-04-11T15:49:20","modified_gmt":"2022-04-11T12:49:20","slug":"henkilokunta","status":"publish","type":"page","link":"http:\/\/www.totemteatteri.com\/sv\/henkilokunta\/","title":{"rendered":"Personal"},"content":{"rendered":"<p>KONSTN\u00c4RLIG LEDARE<br><strong>P\u00e4ivi Rissanen<\/strong> (dansartist och sk\u00e5despelare)<br>tel: 050-547 0706<br>info [a] totemteatteri.com<\/p>\n\n\n\n<p>PRODUCENT<br><strong>Kaisa Pikkarainen<\/strong><br>tel: 050-547 0047<br>tuottaja [a] totemteatteri.com<\/p>\n\n\n\n<p>TEATERPEDAGOG och VERKSTADSLEDARE<br><strong>Camilla Anderz\u00e9n<br><\/strong>tel: 050 550 9551<br>yleisotyo [a] totemteatteri.com<\/p>\n\n\n\n<p>TAIDEVIESTINT\u00c4 ja TY\u00d6PAJAOHJAAJA<br><strong>Ia Tanskanen<br><\/strong>taideviestinta [a] totemteatteri.com<\/p>\n\n\n\n<p>SK\u00c5DESPELARE<br><strong>Pasi Lappalainen<br><\/strong>[Kuva: Juha Waltteri Mattila]\n\n\n\n<p>SK\u00c5DESPELARE<br><strong>Jan-Christian S\u00f6derholm<\/strong><\/p>\n\n\n\n<p>VERKSTADSLEDARE<br><strong>Tanja Juutilainen<\/strong><\/p>\n\n\n\n<p>VERKSTADSLEDARE<br><strong>Louna-Tuuli Luukka<\/strong><\/p>\n\n\n\n<p>VERKSTADSLEDARE<br><strong>Iiris Autio<\/strong><\/p>\n\n\n\n<p>TEKNIKER och \u00d6VERS\u00c4TTARE<br><strong>Jan Liesaho<\/strong><\/p>\n\n\n\n<p>TEKNIKER<br><strong>Ilpo Heikkinen<\/strong><\/p>\n\n\n\n<p>TEKNIKER<br><strong>Jaanus Lintera<\/strong><\/p>\n\n\n\n<p>TEKNIKER<br><strong>Pauli Riikonen<\/strong><\/p>\n\n\n\n<p>TEKNIKER<br><strong>Markus Heino<\/strong><\/p>\n\n\n\n<p><strong>G\u00c4STER\u00a02021<br><\/strong>Johanna Freundlich, ohjaaja<\/p>\n\n\n\n<p><strong>G\u00c4STER 2020<br><\/strong>Pilvi Porkola, ohjaaja-k\u00e4sikirjoittaja<br>Tuomas Laitinen, ohjaaja<br>Katariina Numminen, dramaturgi<\/p>\n\n\n\n<p><strong>G\u00c4STER\u00a02019<br><\/strong>Tuomas Timonen, ohjaaja-k\u00e4sikirjoittaja<\/p>\n\n\n\n<p><strong>G\u00c4STER\u00a02018<br><\/strong>Janne Saarakkala, ohjaaja-k\u00e4sikirjoittaja<\/p>\n\n\n\n<p><strong>G\u00c4STER\u00a02017<br><\/strong>Pilvi Porkola, ohjaaja-k\u00e4sikirjoittaja<\/p>\n\n\n\n<p><strong>G\u00c4STER\u00a02016<br><\/strong>Tuomas Timonen, ohjaaja-k\u00e4sikirjoittaja<\/p>\n\n\n\n<p><strong>G\u00c4STER\u00a02015<br><\/strong>Juha Hurme, ohjaaja-k\u00e4sikirjoittaja<br>Katja Sallinen, koreografi<\/p>\n\n\n\n<p><strong>G\u00c4STER\u00a02014<br><\/strong>Tuomas Laitinen, ohjaaja<br>Katariina Numminen, dramaturgi<\/p>","protected":false},"excerpt":{"rendered":"<p>TAITEELLINEN JOHTAJAP\u00e4ivi Rissanen (tanssija ja n\u00e4yttelij\u00e4)puh: 050-547 0706info [a] totemteatteri.com TUOTTAJAKaisa Pikkarainenpuh: 050-547 0047tuottaja [a] totemteatteri.com TEATTERIPEDAGOGI ja TY\u00d6PAJAOHJAAJACamilla Anderz\u00e9npuh: 050 550 9551yleisotyo [a] totemteatteri.com TAIDEVIESTINT\u00c4 ja TY\u00d6PAJAOHJAAJAIa Tanskanentaideviestinta [a]&#8230;<\/p>","protected":false},"author":2,"featured_media":0,"parent":0,"menu_order":0,"comment_status":"closed","ping_status":"closed","template":"","meta":{"footnotes":""},"class_list":["post-144","page","type-page","status-publish","hentry"],"yoast_head":"<!-- This site is optimized with the Yoast SEO plugin v26.8 - https:\/\/yoast.com\/product\/yoast-seo-wordpress\/ -->\n<title>Henkil\u00f6kunta - TOTEM-teatteri<\/title>\n<meta name=\"robots\" content=\"index, follow, max-snippet:-1, max-image-preview:large, max-video-preview:-1\" \/>\n<link rel=\"canonical\" href=\"https:\/\/www.totemteatteri.com\/sv\/henkilokunta\/\" \/>\n<meta property=\"og:locale\" content=\"sv_SE\" \/>\n<meta property=\"og:type\" content=\"article\" \/>\n<meta property=\"og:title\" content=\"Henkil\u00f6kunta - TOTEM-teatteri\" \/>\n<meta property=\"og:description\" content=\"TAITEELLINEN JOHTAJAP\u00e4ivi Rissanen (tanssija ja n\u00e4yttelij\u00e4)puh: 050-547 0706info [a] totemteatteri.com TUOTTAJAKaisa Pikkarainenpuh: 050-547 0047tuottaja [a] totemteatteri.com TEATTERIPEDAGOGI ja TY\u00d6PAJAOHJAAJACamilla Anderz\u00e9npuh: 050 550 9551yleisotyo [a] totemteatteri.com TAIDEVIESTINT\u00c4 ja TY\u00d6PAJAOHJAAJAIa Tanskanentaideviestinta [a]...\" \/>\n<meta property=\"og:url\" content=\"https:\/\/www.totemteatteri.com\/sv\/henkilokunta\/\" \/>\n<meta property=\"og:site_name\" content=\"TOTEM-teatteri\" \/>\n<meta property=\"article:modified_time\" content=\"2022-04-11T12:49:20+00:00\" \/>\n<meta name=\"twitter:card\" content=\"summary_large_image\" \/>\n<meta name=\"twitter:label1\" content=\"Ber\u00e4knad l\u00e4stid\" \/>\n\t<meta name=\"twitter:data1\" content=\"1 minut\" \/>\n<script type=\"application\/ld+json\" class=\"yoast-schema-graph\">{\"@context\":\"https:\/\/schema.org\",\"@graph\":[{\"@type\":\"WebPage\",\"@id\":\"https:\/\/www.totemteatteri.com\/henkilokunta\/\",\"url\":\"https:\/\/www.totemteatteri.com\/henkilokunta\/\",\"name\":\"Henkil\u00f6kunta - TOTEM-teatteri\",\"isPartOf\":{\"@id\":\"http:\/\/www.totemteatteri.com\/#website\"},\"datePublished\":\"2020-06-11T10:12:47+00:00\",\"dateModified\":\"2022-04-11T12:49:20+00:00\",\"inLanguage\":\"sv-SE\",\"potentialAction\":[{\"@type\":\"ReadAction\",\"target\":[\"https:\/\/www.totemteatteri.com\/henkilokunta\/\"]}]},{\"@type\":\"WebSite\",\"@id\":\"http:\/\/www.totemteatteri.com\/#website\",\"url\":\"http:\/\/www.totemteatteri.com\/\",\"name\":\"TOTEM-teatteri\",\"description\":\"TOTEM-teatterin kotisivut\",\"publisher\":{\"@id\":\"http:\/\/www.totemteatteri.com\/#organization\"},\"potentialAction\":[{\"@type\":\"SearchAction\",\"target\":{\"@type\":\"EntryPoint\",\"urlTemplate\":\"http:\/\/www.totemteatteri.com\/?s={search_term_string}\"},\"query-input\":{\"@type\":\"PropertyValueSpecification\",\"valueRequired\":true,\"valueName\":\"search_term_string\"}}],\"inLanguage\":\"sv-SE\"},{\"@type\":\"Organization\",\"@id\":\"http:\/\/www.totemteatteri.com\/#organization\",\"name\":\"TOTEM-teatteri\",\"url\":\"http:\/\/www.totemteatteri.com\/\",\"logo\":{\"@type\":\"ImageObject\",\"inLanguage\":\"sv-SE\",\"@id\":\"http:\/\/www.totemteatteri.com\/#\/schema\/logo\/image\/\",\"url\":\"http:\/\/www.totemteatteri.com\/wp-content\/uploads\/2023\/03\/logo-vaaka-sini-1100x200-1.jpg\",\"contentUrl\":\"http:\/\/www.totemteatteri.com\/wp-content\/uploads\/2023\/03\/logo-vaaka-sini-1100x200-1.jpg\",\"width\":1100,\"height\":200,\"caption\":\"TOTEM-teatteri\"},\"image\":{\"@id\":\"http:\/\/www.totemteatteri.com\/#\/schema\/logo\/image\/\"}}]}<\/script>\n<!-- \/ Yoast SEO plugin. -->","yoast_head_json":{"title":"Henkil\u00f6kunta - TOTEM-teatteri","robots":{"index":"index","follow":"follow","max-snippet":"max-snippet:-1","max-image-preview":"max-image-preview:large","max-video-preview":"max-video-preview:-1"},"canonical":"https:\/\/www.totemteatteri.com\/sv\/henkilokunta\/","og_locale":"sv_SE","og_type":"article","og_title":"Henkil\u00f6kunta - TOTEM-teatteri","og_description":"TAITEELLINEN JOHTAJAP\u00e4ivi Rissanen (tanssija ja n\u00e4yttelij\u00e4)puh: 050-547 0706info [a] totemteatteri.com TUOTTAJAKaisa Pikkarainenpuh: 050-547 0047tuottaja [a] totemteatteri.com TEATTERIPEDAGOGI ja TY\u00d6PAJAOHJAAJACamilla Anderz\u00e9npuh: 050 550 9551yleisotyo [a] totemteatteri.com TAIDEVIESTINT\u00c4 ja TY\u00d6PAJAOHJAAJAIa Tanskanentaideviestinta [a]...","og_url":"https:\/\/www.totemteatteri.com\/sv\/henkilokunta\/","og_site_name":"TOTEM-teatteri","article_modified_time":"2022-04-11T12:49:20+00:00","twitter_card":"summary_large_image","twitter_misc":{"Ber\u00e4knad l\u00e4stid":"1 minut"},"schema":{"@context":"https:\/\/schema.org","@graph":[{"@type":"WebPage","@id":"https:\/\/www.totemteatteri.com\/henkilokunta\/","url":"https:\/\/www.totemteatteri.com\/henkilokunta\/","name":"Henkil\u00f6kunta - TOTEM-teatteri","isPartOf":{"@id":"http:\/\/www.totemteatteri.com\/#website"},"datePublished":"2020-06-11T10:12:47+00:00","dateModified":"2022-04-11T12:49:20+00:00","inLanguage":"sv-SE","potentialAction":[{"@type":"ReadAction","target":["https:\/\/www.totemteatteri.com\/henkilokunta\/"]}]},{"@type":"WebSite","@id":"http:\/\/www.totemteatteri.com\/#website","url":"http:\/\/www.totemteatteri.com\/","name":"TOTEM-teatern","description":"TOTEM-teatterin kotisivut","publisher":{"@id":"http:\/\/www.totemteatteri.com\/#organization"},"potentialAction":[{"@type":"SearchAction","target":{"@type":"EntryPoint","urlTemplate":"http:\/\/www.totemteatteri.com\/?s={search_term_string}"},"query-input":{"@type":"PropertyValueSpecification","valueRequired":true,"valueName":"search_term_string"}}],"inLanguage":"sv-SE"},{"@type":"Organization","@id":"http:\/\/www.totemteatteri.com\/#organization","name":"TOTEM-teatern","url":"http:\/\/www.totemteatteri.com\/","logo":{"@type":"ImageObject","inLanguage":"sv-SE","@id":"http:\/\/www.totemteatteri.com\/#\/schema\/logo\/image\/","url":"http:\/\/www.totemteatteri.com\/wp-content\/uploads\/2023\/03\/logo-vaaka-sini-1100x200-1.jpg","contentUrl":"http:\/\/www.totemteatteri.com\/wp-content\/uploads\/2023\/03\/logo-vaaka-sini-1100x200-1.jpg","width":1100,"height":200,"caption":"TOTEM-teatteri"},"image":{"@id":"http:\/\/www.totemteatteri.com\/#\/schema\/logo\/image\/"}}]}},"_links":{"self":[{"href":"http:\/\/www.totemteatteri.com\/sv\/wp-json\/wp\/v2\/pages\/144","targetHints":{"allow":["GET"]}}],"collection":[{"href":"http:\/\/www.totemteatteri.com\/sv\/wp-json\/wp\/v2\/pages"}],"about":[{"href":"http:\/\/www.totemteatteri.com\/sv\/wp-json\/wp\/v2\/types\/page"}],"author":[{"embeddable":true,"href":"http:\/\/www.totemteatteri.com\/sv\/wp-json\/wp\/v2\/users\/2"}],"replies":[{"embeddable":true,"href":"http:\/\/www.totemteatteri.com\/sv\/wp-json\/wp\/v2\/comments?post=144"}],"version-history":[{"count":4,"href":"http:\/\/www.totemteatteri.com\/sv\/wp-json\/wp\/v2\/pages\/144\/revisions"}],"predecessor-version":[{"id":1235,"href":"http:\/\/www.totemteatteri.com\/sv\/wp-json\/wp\/v2\/pages\/144\/revisions\/1235"}],"wp:attachment":[{"href":"http:\/\/www.totemteatteri.com\/sv\/wp-json\/wp\/v2\/media?parent=144"}],"curies":[{"name":"wp","href":"https:\/\/api.w.org\/{rel}","templated":true}]}}